{"id":145,"date":"2023-06-10T09:02:05","date_gmt":"2023-06-10T09:02:05","guid":{"rendered":"https:\/\/www.h-d-h.de\/?page_id=145"},"modified":"2025-09-22T01:41:36","modified_gmt":"2025-09-22T01:41:36","slug":"herm-friedhof","status":"publish","type":"page","link":"https:\/\/www.h-d-h.de\/?page_id=145","title":{"rendered":"Hermannst\u00e4dter Friedhof"},"content":{"rendered":"\n<p><strong class=\"\">Antonia Gallotsik<\/strong><\/p>\n\n\n\n<p>Zust\u00e4ndig f\u00fcr Belange des Hermannst\u00e4dter Friedhofs<\/p>\n\n\n\n<p>Rieslingstr.15<br class=\"\" \/>74193 Schwaigern<br class=\"\" \/>Tel:&nbsp;0176-24724697&nbsp;(ab 17 Uhr)&nbsp;gerne auch Whatsapp<br class=\"\" \/>E-Mail:&nbsp;<a href=\"mailto:toni.gallotsik@web.de\" class=\"\">toni.gallotsik@web.de<\/a><\/p>\n\n\n\n<p>Konto f\u00fcr Friedhofspflege:<\/p>\n\n\n\n<p>Empf\u00e4nger: Heimatgemeinschaft der Hermannst\u00e4dter<\/p>\n\n\n\n<p>S\u00fcdwestbank Heilbronn<\/p>\n\n\n\n<p>IBAN: <strong>DE94&nbsp;6205 0000 0000&nbsp;6972&nbsp;24<\/strong><\/p>\n\n\n\n<p>BIC: <strong>HEISDE66XXX<\/strong><\/p>\n\n\n\n<p>Bitte geben Sie die Nummern der betreffenden Grabstellen an und \u00fcberweisen Sie&nbsp;<strong>pro Grabstelle:<\/strong><\/p>\n\n\n\n<p><strong><\/strong><\/p>\n\n\n\n<p>&#8211; 10,-\u20ac Grabtaxe<\/p>\n\n\n\n<p>&#8211; 25,-\u20ac Sonderpflege (wenn gew\u00fcnscht)<\/p>\n\n\n\n<p>&#8211; Friedhofsspende<\/p>\n\n\n\n<p>Die allgemeine Grabtaxe erm\u00f6glicht eine Pflege des historischen Friedhofs und ist j\u00e4hrlich f\u00e4llig. Daf\u00fcr werden Wege sauber gehalten, Gras gem\u00e4ht, zur besseren Sichtbarkeit der Inschriften Efeu von den Grabsteinen entfernt, Hecken und B\u00e4ume geschnitten. Diese Arbeiten werden einerseits von der Friedhofsverwaltung vorgenommen, zum gr\u00f6\u00dften Teil aber von der Kirche in Auftrag gegeben.<\/p>\n\n\n\n<p>Die individuelle Sonderpflege Ihrer Gr\u00e4ber ist weiterhin gesichert. Eine G\u00e4rtnerei aus Hermannstadt, Mitglied der evangelischen Kirchengemeinde, wird die Aufgabe ab 2023 \u00fcbernehmen und Ihr Grab vier Mal im Jahr putzen.<\/p>\n\n\n\n<p>Wir m\u00f6chte dazu beitragen, dass der Friedhof ein St\u00fcck&nbsp;<strong>siebenb\u00fcrgische Geschichte<\/strong>&nbsp;in Hermannstadt bewahrt und bitten daf\u00fcr um Ihre Zuwendung. Neben Grabtaxen und Sonderpflege freuen wir uns nat\u00fcrlich auch \u00fcber zus\u00e4tzliche Spenden f\u00fcr den Friedhof.<\/p>\n\n\n\n<p>Sollten Sie die Grabnummer nicht (mehr) wissen, ein wenig Ahnenforschung betreiben wollen oder sonstige Fragen und Anregungen zum Friedhof haben, k\u00f6nnen Sie gerne wann immer Kontakt aufnehmen.<\/p>\n","protected":false},"excerpt":{"rendered":"<p>Antonia Gallotsik Zust\u00e4ndig f\u00fcr Belange des Hermannst\u00e4dter Friedhofs Rieslingstr.1574193 SchwaigernTel:&nbsp;0176-24724697&nbsp;(ab 17 Uhr)&nbsp;gerne auch WhatsappE-Mail:&nbsp;toni.gallotsik@web.de Konto f\u00fcr Friedhofspflege: Empf\u00e4nger: Heimatgemeinschaft der Hermannst\u00e4dter S\u00fcdwestbank Heilbronn IBAN: DE94&nbsp;6205 0000 0000&nbsp;6972&nbsp;24 BIC: HEISDE66XXX Bitte geben Sie die Nummern der betreffenden Grabstellen an und \u00fcberweisen Sie&nbsp;pro Grabstelle: &#8211; 10,-\u20ac Grabtaxe &#8211; 25,-\u20ac Sonderpflege (wenn gew\u00fcnscht) &#8211; Friedhofsspende Die allgemeine Grabtaxe erm\u00f6glicht eine Pflege des historischen Friedhofs und ist j\u00e4hrlich f\u00e4llig. Daf\u00fcr werden Wege sauber gehalten, Gras gem\u00e4ht, zur besseren Sichtbarkeit der Inschriften Efeu von den Grabsteinen entfernt, Hecken und B\u00e4ume geschnitten. Diese Arbeiten werden einerseits von der Friedhofsverwaltung vorgenommen, zum gr\u00f6\u00dften Teil aber von der Kirche in Auftrag gegeben. Die individuelle Sonderpflege Ihrer Gr\u00e4ber ist weiterhin gesichert. Eine G\u00e4rtnerei aus Hermannstadt, Mitglied der evangelischen Kirchengemeinde, wird die Aufgabe ab 2023 \u00fcbernehmen und Ihr Grab vier Mal im Jahr putzen. Wir m\u00f6chte dazu beitragen, dass der Friedhof ein St\u00fcck&nbsp;siebenb\u00fcrgische Geschichte&nbsp;in Hermannstadt bewahrt und bitten daf\u00fcr um Ihre Zuwendung. Neben Grabtaxen und Sonderpflege freuen wir uns nat\u00fcrlich auch \u00fcber zus\u00e4tzliche Spenden f\u00fcr den Friedhof. Sollten Sie die Grabnummer nicht (mehr) wissen, ein wenig Ahnenforschung betreiben wollen oder sonstige Fragen und Anregungen zum Friedhof haben, k\u00f6nnen Sie gerne wann immer Kontakt aufnehmen.<\/p>\n","protected":false},"author":1,"featured_media":0,"parent":0,"menu_order":0,"comment_status":"closed","ping_status":"closed","template":"","meta":{"footnotes":""},"class_list":["post-145","page","type-page","status-publish","hentry"],"jetpack_sharing_enabled":true,"_links":{"self":[{"href":"https:\/\/www.h-d-h.de\/index.php?rest_route=\/wp\/v2\/pages\/145","targetHints":{"allow":["GET"]}}],"collection":[{"href":"https:\/\/www.h-d-h.de\/index.php?rest_route=\/wp\/v2\/pages"}],"about":[{"href":"https:\/\/www.h-d-h.de\/index.php?rest_route=\/wp\/v2\/types\/page"}],"author":[{"embeddable":true,"href":"https:\/\/www.h-d-h.de\/index.php?rest_route=\/wp\/v2\/users\/1"}],"replies":[{"embeddable":true,"href":"https:\/\/www.h-d-h.de\/index.php?rest_route=%2Fwp%2Fv2%2Fcomments&post=145"}],"version-history":[{"count":5,"href":"https:\/\/www.h-d-h.de\/index.php?rest_route=\/wp\/v2\/pages\/145\/revisions"}],"predecessor-version":[{"id":386,"href":"https:\/\/www.h-d-h.de\/index.php?rest_route=\/wp\/v2\/pages\/145\/revisions\/386"}],"wp:attachment":[{"href":"https:\/\/www.h-d-h.de\/index.php?rest_route=%2Fwp%2Fv2%2Fmedia&parent=145"}],"curies":[{"name":"wp","href":"https:\/\/api.w.org\/{rel}","templated":true}]}}