{"id":21,"date":"2022-12-20T09:42:15","date_gmt":"2022-12-20T09:42:15","guid":{"rendered":"https:\/\/www.h-d-h.de\/?page_id=21"},"modified":"2025-01-17T15:48:29","modified_gmt":"2025-01-17T15:48:29","slug":"impressum","status":"publish","type":"page","link":"https:\/\/www.h-d-h.de\/?page_id=21","title":{"rendered":"Impressum"},"content":{"rendered":"\n<p>Impressum<\/p>\n\n\n\n<p>Angaben gem\u00e4\u00df \u00a7 5 TMG:<\/p>\n\n\n\n<p>Impressum<\/p>\n\n\n\n<p>Vorstandsvorsitzende: Dagmar Zink, Augustenstr. 14, 96047 Bamberg<\/p>\n\n\n\n<p>Tel.: 0951-9178481, Email:&nbsp;<a href=\"mailto:dagmar.zink@web.de\">dagmar.zink@web.de<\/a><\/p>\n\n\n\n<p>Redaktion: HHB<\/p>\n\n\n\n<p>1.Stellvertretende Vorstandsvorsitzende &amp; Schatzmeisterin: Maria Bauer, Freiligrathstr. 18, 74172 Neckarsulm, Tel.: 07132 7099078, Email: hdh@bauer-nsu.de &nbsp;<\/p>\n\n\n\n<p>2.Stellvertretende Vorstandsvorsitzende: &nbsp;Marianne Klubitschko, Tscherningstr. 56, 74076 Heilbronn, Tel.: 07131-627520,&nbsp;<\/p>\n\n\n\n<p>Email:&nbsp;<a href=\"mailto:pia-rudi@gmx.net\">pia-rudi@gmx.net<\/a><\/p>\n\n\n\n<p>Mitgliederverwaltung<\/p>\n\n\n\n<p>Gerlinde Schuller, Ganzhornstr.&nbsp;32, 74172 Neckarsulm, Tel.:07132-7859, Email:&nbsp;<a href=\"mailto:gerlinde.schuller7@gmail.com\">gerlinde.schuller7@gmail.com<\/a><\/p>\n\n\n\n<p>Schriftf\u00fchrerin<\/p>\n\n\n\n<p>Beisitzer: Antonia Gallotsik, &nbsp;Rieslingstr. 15, 74193&nbsp;Schwaigern, Tel.:&nbsp;0176-24724697, Email:&nbsp;<a href=\"mailto:toni.gallotsik@web.de\">toni.gallotsik@web.de<\/a><\/p>\n\n\n\n<p>Friedhofsangelegenheiten<\/p>\n\n\n\n<p>Beisitzer: Corina Driftmeier, Friedrichsruher Str. 62\/1, 74613 \u00d6hringen, Tel.:0173-6724644, Email:&nbsp;<a href=\"mailto:c.h-w@web.de\">c.h-w@web.de<\/a><\/p>\n\n\n\n<p>Beisitzer: Brigitte Kr\u00e4ch, Hermann-Stockmann Str. 29a, 85221 Dachau, Tel.:08131-78255, Mobil: 01738180065, Email: brigitte.kraech@web.de<\/p>\n\n\n\n<p>Vorstandsersatzmitglied: Bettina Sander, Baumg\u00e4rten 7, 91367 Weissenohe, Tel.: 01516-4961191, Email:&nbsp;<a href=\"mailto:Bettina_Sander@gmx.de\">Bettina_Sander@gmx.de<\/a><\/p>\n\n\n\n<p>Versand: Hermannst\u00e4dter Heimatboten<\/p>\n\n\n\n<p>Vorstandsersatzmitglied: Heinrich H\u00f6chsmann, Str.&nbsp;Livezii 97, 550042 Sibiu, Tel.:0040175-1544867, Email: heinrich.Hoechsmann@gmail.com<\/p>\n","protected":false},"excerpt":{"rendered":"<p>Impressum Angaben gem\u00e4\u00df \u00a7 5 TMG: Impressum Vorstandsvorsitzende: Dagmar Zink, Augustenstr. 14, 96047 Bamberg Tel.: 0951-9178481, Email:&nbsp;dagmar.zink@web.de Redaktion: HHB 1.Stellvertretende Vorstandsvorsitzende &amp; Schatzmeisterin: Maria Bauer, Freiligrathstr. 18, 74172 Neckarsulm, Tel.: 07132 7099078, Email: hdh@bauer-nsu.de &nbsp; 2.Stellvertretende Vorstandsvorsitzende: &nbsp;Marianne Klubitschko, Tscherningstr. 56, 74076 Heilbronn, Tel.: 07131-627520,&nbsp; Email:&nbsp;pia-rudi@gmx.net Mitgliederverwaltung Gerlinde Schuller, Ganzhornstr.&nbsp;32, 74172 Neckarsulm, Tel.:07132-7859, Email:&nbsp;gerlinde.schuller7@gmail.com Schriftf\u00fchrerin Beisitzer: Antonia Gallotsik, &nbsp;Rieslingstr. 15, 74193&nbsp;Schwaigern, Tel.:&nbsp;0176-24724697, Email:&nbsp;toni.gallotsik@web.de Friedhofsangelegenheiten Beisitzer: Corina Driftmeier, Friedrichsruher Str. 62\/1, 74613 \u00d6hringen, Tel.:0173-6724644, Email:&nbsp;c.h-w@web.de Beisitzer: Brigitte Kr\u00e4ch, Hermann-Stockmann Str. 29a, 85221 Dachau, Tel.:08131-78255, Mobil: 01738180065, Email: brigitte.kraech@web.de Vorstandsersatzmitglied: Bettina Sander, Baumg\u00e4rten 7, 91367 Weissenohe, Tel.: 01516-4961191, Email:&nbsp;Bettina_Sander@gmx.de Versand: Hermannst\u00e4dter Heimatboten Vorstandsersatzmitglied: Heinrich H\u00f6chsmann, Str.&nbsp;Livezii 97, 550042 Sibiu, Tel.:0040175-1544867, Email: heinrich.Hoechsmann@gmail.com<\/p>\n","protected":false},"author":1,"featured_media":0,"parent":0,"menu_order":0,"comment_status":"closed","ping_status":"closed","template":"","meta":{"footnotes":""},"class_list":["post-21","page","type-page","status-publish","hentry"],"jetpack_sharing_enabled":true,"_links":{"self":[{"href":"https:\/\/www.h-d-h.de\/index.php?rest_route=\/wp\/v2\/pages\/21","targetHints":{"allow":["GET"]}}],"collection":[{"href":"https:\/\/www.h-d-h.de\/index.php?rest_route=\/wp\/v2\/pages"}],"about":[{"href":"https:\/\/www.h-d-h.de\/index.php?rest_route=\/wp\/v2\/types\/page"}],"author":[{"embeddable":true,"href":"https:\/\/www.h-d-h.de\/index.php?rest_route=\/wp\/v2\/users\/1"}],"replies":[{"embeddable":true,"href":"https:\/\/www.h-d-h.de\/index.php?rest_route=%2Fwp%2Fv2%2Fcomments&post=21"}],"version-history":[{"count":2,"href":"https:\/\/www.h-d-h.de\/index.php?rest_route=\/wp\/v2\/pages\/21\/revisions"}],"predecessor-version":[{"id":329,"href":"https:\/\/www.h-d-h.de\/index.php?rest_route=\/wp\/v2\/pages\/21\/revisions\/329"}],"wp:attachment":[{"href":"https:\/\/www.h-d-h.de\/index.php?rest_route=%2Fwp%2Fv2%2Fmedia&parent=21"}],"curies":[{"name":"wp","href":"https:\/\/api.w.org\/{rel}","templated":true}]}}