{"id":59,"date":"2022-12-20T10:41:14","date_gmt":"2022-12-20T10:41:14","guid":{"rendered":"https:\/\/www.h-d-h.de\/?page_id=59"},"modified":"2025-09-25T14:25:30","modified_gmt":"2025-09-25T14:25:30","slug":"mitgliedschaft","status":"publish","type":"page","link":"https:\/\/www.h-d-h.de\/?page_id=59","title":{"rendered":"Mitgliedschaft"},"content":{"rendered":"\n<figure class=\"wp-block-image size-large\"><img decoding=\"async\" src=\"https:\/\/www.h-d-h.de\/wp-content\/uploads\/2025\/09\/IMG_4545.jpeg\" alt=\"\" class=\"wp-image-364\" title=\"\"\/><figcaption class=\"wp-element-caption\">heimatgemeinschaft-hdh-beitrittserklaerung<\/figcaption><\/figure>\n\n\n\n<h3 class=\"wp-block-heading\"><strong>Beitrittserkl\u00e4rung<\/strong><\/h3>\n\n\n\n<p>Beitrittserkl\u00e4rung als PDF runterladen, ausf\u00fcllen und per eMail an HdH zur\u00fcckschicken<br \/>Die HdH freut sich \u00fcber jedes neue Mitglied!<br \/><br \/>Der j\u00e4hrliche Beitrag betr\u00e4gt 26 \u20ac und setzt sich wie folgt zusammen: 8 \u20ac Mitgliedschaft + 18 \u20ac 4 x pro Jahr Hermannst\u00e4dter Heimatbote<br \/><br \/>Wer gerne dem Verein beitreten m\u00f6chte (unter Ber\u00fccksichtigung der Satzung des Vereins) kann sich hier eine Beitrittserkl\u00e4rung ausdrucken. Daf\u00fcr ben\u00f6tigen Sie den Acrobat Reader. <br \/>Das Dokument ist im *.pdf-Format abgelegt. <br \/><br \/>Anschlie\u00dfend bitte ausf\u00fcllen und per Post oder eMail an den Gesch\u00e4ftsf\u00fchrer schicken.<br \/><br \/>Marianne Klubitschko<br \/> 2. Stellvertretende Vorsitzende, Mitgliederverwaltung<br \/><br \/>Tscherningstr. 56<br \/>74076 Heilbronn<br \/>Tel: <a href=\"tel:07131-627520\">07131-627520<\/a><br \/>eMail: <a href=\"mailto:pia-rudi@gmx.net\"> pia-rudi@gmx.net<\/a>,<\/p>\n\n\n\n<div class=\"wp-block-buttons is-layout-flex wp-block-buttons-is-layout-flex\"><\/div>\n\n\n\n<div class=\"wp-block-buttons is-layout-flex wp-block-buttons-is-layout-flex\">\n<div class=\"wp-block-button\"><a class=\"wp-block-button__link wp-element-button\" href=\"https:\/\/www.h-d-h.de\/wp-content\/uploads\/2025\/09\/IMG_4545.jpeg\" target=\"_blank\" rel=\"noreferrer noopener\">Beitrittserkl\u00e4rung<br \/>DOWNLOAD<\/a><\/div>\n<\/div>\n","protected":false},"excerpt":{"rendered":"<p>Beitrittserkl\u00e4rung Beitrittserkl\u00e4rung als PDF runterladen, ausf\u00fcllen und per eMail an HdH zur\u00fcckschickenDie HdH freut sich \u00fcber jedes neue Mitglied! Der j\u00e4hrliche Beitrag betr\u00e4gt 26 \u20ac und setzt sich wie folgt zusammen: 8 \u20ac Mitgliedschaft + 18 \u20ac 4 x pro Jahr Hermannst\u00e4dter Heimatbote Wer gerne dem Verein beitreten m\u00f6chte (unter Ber\u00fccksichtigung der Satzung des Vereins) kann sich hier eine Beitrittserkl\u00e4rung ausdrucken. Daf\u00fcr ben\u00f6tigen Sie den Acrobat Reader. Das Dokument ist im *.pdf-Format abgelegt. Anschlie\u00dfend bitte ausf\u00fcllen und per Post oder eMail an den Gesch\u00e4ftsf\u00fchrer schicken. Marianne Klubitschko 2. Stellvertretende Vorsitzende, Mitgliederverwaltung Tscherningstr. 5674076 HeilbronnTel: 07131-627520eMail: pia-rudi@gmx.net,<\/p>\n","protected":false},"author":1,"featured_media":0,"parent":52,"menu_order":0,"comment_status":"closed","ping_status":"closed","template":"","meta":{"footnotes":""},"class_list":["post-59","page","type-page","status-publish","hentry"],"jetpack_sharing_enabled":true,"_links":{"self":[{"href":"https:\/\/www.h-d-h.de\/index.php?rest_route=\/wp\/v2\/pages\/59","targetHints":{"allow":["GET"]}}],"collection":[{"href":"https:\/\/www.h-d-h.de\/index.php?rest_route=\/wp\/v2\/pages"}],"about":[{"href":"https:\/\/www.h-d-h.de\/index.php?rest_route=\/wp\/v2\/types\/page"}],"author":[{"embeddable":true,"href":"https:\/\/www.h-d-h.de\/index.php?rest_route=\/wp\/v2\/users\/1"}],"replies":[{"embeddable":true,"href":"https:\/\/www.h-d-h.de\/index.php?rest_route=%2Fwp%2Fv2%2Fcomments&post=59"}],"version-history":[{"count":26,"href":"https:\/\/www.h-d-h.de\/index.php?rest_route=\/wp\/v2\/pages\/59\/revisions"}],"predecessor-version":[{"id":392,"href":"https:\/\/www.h-d-h.de\/index.php?rest_route=\/wp\/v2\/pages\/59\/revisions\/392"}],"up":[{"embeddable":true,"href":"https:\/\/www.h-d-h.de\/index.php?rest_route=\/wp\/v2\/pages\/52"}],"wp:attachment":[{"href":"https:\/\/www.h-d-h.de\/index.php?rest_route=%2Fwp%2Fv2%2Fmedia&parent=59"}],"curies":[{"name":"wp","href":"https:\/\/api.w.org\/{rel}","templated":true}]}}