{"id":66,"date":"2022-12-20T11:22:27","date_gmt":"2022-12-20T11:22:27","guid":{"rendered":"https:\/\/www.h-d-h.de\/?page_id=66"},"modified":"2025-08-14T14:24:12","modified_gmt":"2025-08-14T14:24:12","slug":"vorstand-der-heimatgemeinschaft-der-deutschen-aus-hermannstadt-hdh","status":"publish","type":"page","link":"https:\/\/www.h-d-h.de\/?page_id=66","title":{"rendered":"Vorstand HdH"},"content":{"rendered":"\n<div class=\"wp-block-columns alignwide\">\n\n  <!-- Vorsitzende -->\n  <div class=\"wp-block-column has-text-color has-background\" style=\"color:#000000;background-color:#ffe97d;padding:2em;\">\n    <h2 style=\"font-size:38px;text-align:center;\">Dagmar Zink<\/h2>\n    <p><strong>Vorsitzende<\/strong><\/p>\n<p><strong>Redaktion des Hermannst\u00e4dter Heimatboten <\/strong><\/p>\n\n    <hr style=\"background-color:#000000;color:#000000\"\/>\n\n    <p>Augustenstr. 14<br>96047 Bamberg<br>Tel: 0951-9178483<br>Email: <a href=\"mailto:dagmar.zink@web.de\">dagmar.zink@web.de<\/a><\/p>\n  <\/div>\n\n  <!-- 1. Stellvertretende Vorsitzende -->\n  <div class=\"wp-block-column has-text-color has-background\" style=\"color:#000000;background-color:#d1d1e1;padding:2em;\">\n    <h2 style=\"font-size:38px;text-align:center;\">Maria Bauer<\/h2>\n\n    <p><strong>1. Stellvertretende Vorsitzende<\/strong><\/p>     \n<p><strong>Schatzmeisterin<\/strong><\/p>\n    <hr style=\"background-color:#000000;color:#000000\"\/>\n    <p>Freiligrathstr. 18<br>74172 Neckarsulm<br>Tel: 0176-96222249<br>Email: <a href=\"mailto:hdh@bauer-nsu.de\">hdh@bauer-nsu.de<\/a><\/p>\n  <\/div>\n\n  <!-- 2. Stellvertretende Vorsitzende -->\n  <div class=\"wp-block-column has-text-color has-background\" style=\"color:#000000;background-color:#c0ebf1;padding:2em;\">\n    <h2 style=\"font-size:38px;text-align:center;\">Marianne Klubitschko<\/h2>\n    <p><strong>2. Stellvertretende Vorsitzende<\/strong><\/p>\n<p><strong>Mitgliederverwaltung <\/strong><\/p>\n\n    <hr style=\"background-color:#000000;color:#000000\"\/>\n    <p>Tscherningstr. 56<br>74076 Heilbronn<br>Tel: 07131-627520<br>Email: <a href=\"mailto:pia-rudi@gmx.net\">pia-rudi@gmx.net<\/a>\n  <\/div>\n\n<\/div>\n\n\n\n<p><h3>Weitere Mitglieder:<\/h3><\/p>\n\n\n<p><!-- Schriftf\u00fchrerin --><\/p>\n<p><strong>Schriftf\u00fchrerin:<\/strong> Gerlinde Schuller<br \/>Ganzhornstr. 32<br \/>74172 Neckarsulm<br \/>Tel: 07132-7859<br \/>Email: <a href=\"mailto:gerlinde.schuller7@gmail.com\">gerlinde.schuller7@gmail.com<\/a><\/p>\n<p><!-- Beisitzerinnen --><\/p>\n<p><strong>Beisitzerin:<\/strong> Antonia Gallotsik<br \/> <em>Verantwortlich f\u00fcr den Hermannst\u00e4dter Friedhof<\/em><\/p> Rieslingstr. 15<br \/>74193 Schwaigern<br \/>Tel: 0176-24724697<br \/>Email: <a href=\"mailto:toni.gallotsik@web.de\">toni.gallotsik@web.de<\/a><br \/>\n<p><strong>Beisitzerin:<\/strong> Corina Driftmeier<br \/>Friedrichsruher Str. 62\/1<br \/>74613 \u00d6hringen<br \/>Tel: 0173-6724644<br \/>Email: <a href=\"mailto:c.h-w@web.de\">c.h-w@web.de<\/a><\/p>\n<p><strong>Beisitzerin:<\/strong> Brigitte Kr\u00e4ch<br \/>Hermann-Stockmann Str. 29a<br \/>85221 Dachau<br \/>Tel: 08131-78255<br \/>Mobil: 0173-8180065<br \/>Email: <a href=\"mailto:brigitte.kraech@web.de\">brigitte.kraech@web.de<\/a><\/p>\n<p><!-- Vorstandsersatzmitglieder --><\/p>\n<p><strong>Vorstandsersatzmitglied:<\/strong> Bettina Sander<br \/> <em>Versand des Hermannst\u00e4dter Heimatboten<\/em><\/p> Baumg\u00e4rten 7<br \/>91367 Weissenohe<br \/>Tel: 01516-4961191<br \/>Email: <a href=\"mailto:Bettina_Sander@gmx.de\">Bettina_Sander@gmx.de<\/a><br \/>\n<p><strong>Vorstandsersatzmitglied:<\/strong> Heinrich H\u00f6chsmann<br \/>Str. Livezii 97<br \/>550042 Sibiu<br \/>Tel: 0040175-1544867<br \/>Email: <a href=\"mailto:heinrich.Hoechsmann@gmail.com\">heinrich.Hoechsmann@gmail.com<\/a><\/p>\n<p><!-- Kassenpr\u00fcfer --><\/p>\n<p><strong>Kassenpr\u00fcfer:<\/strong><br \/>Hans-Paul K\u00f6rner<br \/>J\u00fcrgen G\u00fcnster<\/p>","protected":false},"excerpt":{"rendered":"<p>Dagmar Zink Vorsitzende Redaktion des Hermannst\u00e4dter Heimatboten Augustenstr. 1496047 BambergTel: 0951-9178483Email: dagmar.zink@web.de Maria Bauer 1. Stellvertretende Vorsitzende Schatzmeisterin Freiligrathstr. 1874172 NeckarsulmTel: 0176-96222249Email: hdh@bauer-nsu.de Marianne Klubitschko 2. Stellvertretende Vorsitzende Mitgliederverwaltung Tscherningstr. 5674076 HeilbronnTel: 07131-627520Email: pia-rudi@gmx.net Weitere Mitglieder: Schriftf\u00fchrerin: Gerlinde SchullerGanzhornstr. 3274172 NeckarsulmTel: 07132-7859Email: gerlinde.schuller7@gmail.com Beisitzerin: Antonia Gallotsik Verantwortlich f\u00fcr den Hermannst\u00e4dter Friedhof Rieslingstr. 1574193 SchwaigernTel: 0176-24724697Email: toni.gallotsik@web.de Beisitzerin: Corina DriftmeierFriedrichsruher Str. 62\/174613 \u00d6hringenTel: 0173-6724644Email: c.h-w@web.de Beisitzerin: Brigitte Kr\u00e4chHermann-Stockmann Str. 29a85221 DachauTel: 08131-78255Mobil: 0173-8180065Email: brigitte.kraech@web.de Vorstandsersatzmitglied: Bettina Sander Versand des Hermannst\u00e4dter Heimatboten Baumg\u00e4rten 791367 WeissenoheTel: 01516-4961191Email: Bettina_Sander@gmx.de Vorstandsersatzmitglied: Heinrich H\u00f6chsmannStr. Livezii 97550042 SibiuTel: 0040175-1544867Email: heinrich.Hoechsmann@gmail.com Kassenpr\u00fcfer:Hans-Paul K\u00f6rnerJ\u00fcrgen G\u00fcnster<\/p>\n","protected":false},"author":1,"featured_media":0,"parent":52,"menu_order":0,"comment_status":"closed","ping_status":"closed","template":"","meta":{"footnotes":""},"class_list":["post-66","page","type-page","status-publish","hentry"],"jetpack_sharing_enabled":true,"_links":{"self":[{"href":"https:\/\/www.h-d-h.de\/index.php?rest_route=\/wp\/v2\/pages\/66","targetHints":{"allow":["GET"]}}],"collection":[{"href":"https:\/\/www.h-d-h.de\/index.php?rest_route=\/wp\/v2\/pages"}],"about":[{"href":"https:\/\/www.h-d-h.de\/index.php?rest_route=\/wp\/v2\/types\/page"}],"author":[{"embeddable":true,"href":"https:\/\/www.h-d-h.de\/index.php?rest_route=\/wp\/v2\/users\/1"}],"replies":[{"embeddable":true,"href":"https:\/\/www.h-d-h.de\/index.php?rest_route=%2Fwp%2Fv2%2Fcomments&post=66"}],"version-history":[{"count":30,"href":"https:\/\/www.h-d-h.de\/index.php?rest_route=\/wp\/v2\/pages\/66\/revisions"}],"predecessor-version":[{"id":376,"href":"https:\/\/www.h-d-h.de\/index.php?rest_route=\/wp\/v2\/pages\/66\/revisions\/376"}],"up":[{"embeddable":true,"href":"https:\/\/www.h-d-h.de\/index.php?rest_route=\/wp\/v2\/pages\/52"}],"wp:attachment":[{"href":"https:\/\/www.h-d-h.de\/index.php?rest_route=%2Fwp%2Fv2%2Fmedia&parent=66"}],"curies":[{"name":"wp","href":"https:\/\/api.w.org\/{rel}","templated":true}]}}