{"id":93,"date":"2022-12-20T11:46:59","date_gmt":"2022-12-20T11:46:59","guid":{"rendered":"https:\/\/www.h-d-h.de\/?page_id=93"},"modified":"2022-12-20T11:46:59","modified_gmt":"2022-12-20T11:46:59","slug":"projekte","status":"publish","type":"page","link":"https:\/\/www.h-d-h.de\/?page_id=93","title":{"rendered":"Projekte"},"content":{"rendered":"\n<h4 class=\"wp-block-heading\">\u00dcbersicht \u00fcber die Hilfsaktionen, Unterst\u00fctzungen v. Einrichtungen in Hermannstadt, sowie siebenb\u00fcrgische Institutionen in Deutschland<\/h4>\n\n\n\n<p><br><strong>Konstant seit \u00fcber 20 Jahren unterst\u00fctzen wir j\u00e4hrlich folgende Einrichtungen und Institutionen:<\/strong><br><br><br>\u2013 den Handarbeitskreis in Hermannstadt<br>\u2013 die Diakonie f\u00fcr Bed\u00fcrftige in Hermannstadt<br>\u2013 die Gesanggruppe \u201eS\u00e4lverf\u00e4den\u201c in Hermannstadt<br>\u2013 die Brukenthalschule<br>\u2013 die Unterst\u00fctzung des Treffens auf dem Huet-Platz&nbsp;<br>\u2013 die L\u00f6wensteiner Musikwoche s\u00fcdosteurop\u00e4ischer Musiker<br>\u2013 das Filtsch-Festival in Hermannstadt<br>\u2013 die Siebenb\u00fcrgische Bibliothek in Gundelsheim<br>\u2013 den F\u00f6rderverein des Siebenb\u00fcrgischen Museums in Gundelsheim<br><br><br><strong>Einmalige bis mehrmalige Spenden gingen an\/f\u00fcr:<\/strong><br><br><br>\u2013 die Stadtpfarrkirche f\u00fcr die Dachdeckung mit bunten Ziegeln (noch Brukenthalverein)<br>\u2013 die Stadtpfarrkirche f\u00fcr die Glockenreparatur<br>\u2013 die Gedenktafeln der Hermannst\u00e4dter Pers\u00f6nlichkeiten in Hermannstadt<br>\u2013 die Brukenthalstiftung zur Vermessung des Frecker Anwesens<br>\u2013 die Thimmel-Skulptur am Krautplatz in Hermannstadt<br>\u2013 die Stadtpfarrkirche f\u00fcr die totale Renovierung<br>\u2013 die Melanchtonausstellung in Hermannstadt<br>\u2013 die Friedhofaktion: Putzen, Fotografieren, Sterberegister und Gr\u00e4berevidenz Kopieren<br>\u2013 das Kopieren der Matrikel der evangelischen Kirche in Hermannstadt<br>\u2013 das Strassenkinderhaus in Hermannstadt<br>\u2013 das Altenheim \u201eCarl Wolff\u201c f\u00fcr das Kinderhospiz in Hermannstadt<br>\u2013 den R\u00fcckkauf des Schlosses Horneck, Gundelsheim f\u00fcr das siebenb\u00fcrgische Kulturzentrum<\/p>\n","protected":false},"excerpt":{"rendered":"<p>\u00dcbersicht \u00fcber die Hilfsaktionen, Unterst\u00fctzungen v. Einrichtungen in Hermannstadt, sowie siebenb\u00fcrgische Institutionen in Deutschland Konstant seit \u00fcber 20 Jahren unterst\u00fctzen wir j\u00e4hrlich folgende Einrichtungen und Institutionen: \u2013 den Handarbeitskreis in Hermannstadt\u2013 die Diakonie f\u00fcr Bed\u00fcrftige in Hermannstadt\u2013 die Gesanggruppe \u201eS\u00e4lverf\u00e4den\u201c in Hermannstadt\u2013 die Brukenthalschule\u2013 die Unterst\u00fctzung des Treffens auf dem Huet-Platz&nbsp;\u2013 die L\u00f6wensteiner Musikwoche s\u00fcdosteurop\u00e4ischer Musiker\u2013 das Filtsch-Festival in Hermannstadt\u2013 die Siebenb\u00fcrgische Bibliothek in Gundelsheim\u2013 den F\u00f6rderverein des Siebenb\u00fcrgischen Museums in Gundelsheim Einmalige bis mehrmalige Spenden gingen an\/f\u00fcr: \u2013 die Stadtpfarrkirche f\u00fcr die Dachdeckung mit bunten Ziegeln (noch Brukenthalverein)\u2013 die Stadtpfarrkirche f\u00fcr die Glockenreparatur\u2013 die Gedenktafeln der Hermannst\u00e4dter Pers\u00f6nlichkeiten in Hermannstadt\u2013 die Brukenthalstiftung zur Vermessung des Frecker Anwesens\u2013 die Thimmel-Skulptur am Krautplatz in Hermannstadt\u2013 die Stadtpfarrkirche f\u00fcr die totale Renovierung\u2013 die Melanchtonausstellung in Hermannstadt\u2013 die Friedhofaktion: Putzen, Fotografieren, Sterberegister und Gr\u00e4berevidenz Kopieren\u2013 das Kopieren der Matrikel der evangelischen Kirche in Hermannstadt\u2013 das Strassenkinderhaus in Hermannstadt\u2013 das Altenheim \u201eCarl Wolff\u201c f\u00fcr das Kinderhospiz in Hermannstadt\u2013 den R\u00fcckkauf des Schlosses Horneck, Gundelsheim f\u00fcr das siebenb\u00fcrgische Kulturzentrum<\/p>\n","protected":false},"author":1,"featured_media":0,"parent":52,"menu_order":0,"comment_status":"closed","ping_status":"closed","template":"","meta":{"footnotes":""},"class_list":["post-93","page","type-page","status-publish","hentry"],"jetpack_sharing_enabled":true,"_links":{"self":[{"href":"https:\/\/www.h-d-h.de\/index.php?rest_route=\/wp\/v2\/pages\/93","targetHints":{"allow":["GET"]}}],"collection":[{"href":"https:\/\/www.h-d-h.de\/index.php?rest_route=\/wp\/v2\/pages"}],"about":[{"href":"https:\/\/www.h-d-h.de\/index.php?rest_route=\/wp\/v2\/types\/page"}],"author":[{"embeddable":true,"href":"https:\/\/www.h-d-h.de\/index.php?rest_route=\/wp\/v2\/users\/1"}],"replies":[{"embeddable":true,"href":"https:\/\/www.h-d-h.de\/index.php?rest_route=%2Fwp%2Fv2%2Fcomments&post=93"}],"version-history":[{"count":1,"href":"https:\/\/www.h-d-h.de\/index.php?rest_route=\/wp\/v2\/pages\/93\/revisions"}],"predecessor-version":[{"id":94,"href":"https:\/\/www.h-d-h.de\/index.php?rest_route=\/wp\/v2\/pages\/93\/revisions\/94"}],"up":[{"embeddable":true,"href":"https:\/\/www.h-d-h.de\/index.php?rest_route=\/wp\/v2\/pages\/52"}],"wp:attachment":[{"href":"https:\/\/www.h-d-h.de\/index.php?rest_route=%2Fwp%2Fv2%2Fmedia&parent=93"}],"curies":[{"name":"wp","href":"https:\/\/api.w.org\/{rel}","templated":true}]}}